{"id":7975,"date":"2025-03-20T15:18:12","date_gmt":"2025-03-20T15:18:12","guid":{"rendered":"https:\/\/restty.com\/?page_id=7975"},"modified":"2025-03-24T12:42:23","modified_gmt":"2025-03-24T12:42:23","slug":"site-map","status":"publish","type":"page","link":"https:\/\/restty.com\/?page_id=7975","title":{"rendered":"Site map"},"content":{"rendered":"\t\t<div data-elementor-type=\"wp-page\" data-elementor-id=\"7975\" class=\"elementor elementor-7975\" data-elementor-post-type=\"page\">\n\t\t\t\t<div class=\"elementor-element elementor-element-867b1ca e-flex e-con-boxed e-con e-parent\" data-id=\"867b1ca\" data-element_type=\"container\">\n\t\t\t\t\t<div class=\"e-con-inner\">\n\t\t<div class=\"elementor-element elementor-element-191c10b e-con-full e-flex e-con e-child\" data-id=\"191c10b\" data-element_type=\"container\">\n\t\t\t\t<div class=\"elementor-element elementor-element-bd55183 elementor-widget elementor-widget-text-editor\" data-id=\"bd55183\" data-element_type=\"widget\" data-widget_type=\"text-editor.default\">\n\t\t\t\t<div class=\"elementor-widget-container\">\n\t\t\t\t\t\t\t\t\t<ul><li><a href=\"https:\/\/restty.com\/\">Inicio<\/a><\/li><li><a href=\"https:\/\/restty.com\/\">Pisos<\/a><\/li><li><a href=\"https:\/\/restty.com\/?page_id=7415\">Nosotros<\/a><\/li><li><a href=\"https:\/\/restty.com\/?page_id=155\">Contacto<\/a><\/li><\/ul>\t\t\t\t\t\t\t\t<\/div>\n\t\t\t\t<\/div>\n\t\t\t\t<\/div>\n\t\t<div class=\"elementor-element elementor-element-e246aef e-con-full e-flex e-con e-child\" data-id=\"e246aef\" data-element_type=\"container\">\n\t\t\t\t<div class=\"elementor-element elementor-element-a96421f elementor-widget elementor-widget-text-editor\" data-id=\"a96421f\" data-element_type=\"widget\" data-widget_type=\"text-editor.default\">\n\t\t\t\t<div class=\"elementor-widget-container\">\n\t\t\t\t\t\t\t\t\t<ul><li><a href=\"https:\/\/restty.com\/?page_id=7276\">Accesibilidad<\/a><\/li><li><a href=\"https:\/\/restty.com\/?page_id=7271\">Aviso Legal<\/a><\/li><li><a href=\"https:\/\/restty.com\/?page_id=3588\">FAQs<\/a><\/li><li><a href=\"https:\/\/restty.com\/?page_id=7415\">Nosotros<\/a><\/li><li><a href=\"https:\/\/restty.com\/?page_id=7263\">Pol\u00edtica Cookies<\/a><\/li><li><a href=\"https:\/\/restty.com\/?page_id=7257\">Pol\u00edtica y privacidad<\/a><\/li><li><a href=\"https:\/\/restty.com\/?page_id=7232\">T\u00e9rminos y condiciones<\/a><\/li><\/ul>\t\t\t\t\t\t\t\t<\/div>\n\t\t\t\t<\/div>\n\t\t\t\t<\/div>\n\t\t\t\t\t<\/div>\n\t\t\t\t<\/div>\n\t\t\t\t<\/div>\n\t\t","protected":false},"excerpt":{"rendered":"<p>Inicio Pisos Nosotros Contacto Accesibilidad Aviso Legal FAQs Nosotros Pol\u00edtica Cookies Pol\u00edtica y privacidad T\u00e9rminos y condiciones<\/p>\n","protected":false},"author":1,"featured_media":0,"parent":0,"menu_order":0,"comment_status":"closed","ping_status":"closed","template":"templates\/contact.php","meta":{"footnotes":""},"class_list":["post-7975","page","type-page","status-publish","hentry"],"_links":{"self":[{"href":"https:\/\/restty.com\/index.php?rest_route=\/wp\/v2\/pages\/7975","targetHints":{"allow":["GET"]}}],"collection":[{"href":"https:\/\/restty.com\/index.php?rest_route=\/wp\/v2\/pages"}],"about":[{"href":"https:\/\/restty.com\/index.php?rest_route=\/wp\/v2\/types\/page"}],"author":[{"embeddable":true,"href":"https:\/\/restty.com\/index.php?rest_route=\/wp\/v2\/users\/1"}],"replies":[{"embeddable":true,"href":"https:\/\/restty.com\/index.php?rest_route=%2Fwp%2Fv2%2Fcomments&post=7975"}],"version-history":[{"count":13,"href":"https:\/\/restty.com\/index.php?rest_route=\/wp\/v2\/pages\/7975\/revisions"}],"predecessor-version":[{"id":8009,"href":"https:\/\/restty.com\/index.php?rest_route=\/wp\/v2\/pages\/7975\/revisions\/8009"}],"wp:attachment":[{"href":"https:\/\/restty.com\/index.php?rest_route=%2Fwp%2Fv2%2Fmedia&parent=7975"}],"curies":[{"name":"wp","href":"https:\/\/api.w.org\/{rel}","templated":true}]}}