{"id":7276,"date":"2025-03-13T19:41:57","date_gmt":"2025-03-13T19:41:57","guid":{"rendered":"https:\/\/restty.com\/?page_id=7276"},"modified":"2025-04-30T09:05:35","modified_gmt":"2025-04-30T09:05:35","slug":"accesibilidad","status":"publish","type":"page","link":"https:\/\/restty.com\/?page_id=7276","title":{"rendered":"Accesibilidad"},"content":{"rendered":"\t\t<div data-elementor-type=\"wp-page\" data-elementor-id=\"7276\" class=\"elementor elementor-7276\" data-elementor-post-type=\"page\">\n\t\t\t\t<div class=\"elementor-element elementor-element-5fa471c e-flex e-con-boxed e-con e-parent\" data-id=\"5fa471c\" data-element_type=\"container\">\n\t\t\t\t\t<div class=\"e-con-inner\">\n\t\t\t\t<div class=\"elementor-element elementor-element-a056362 elementor-widget elementor-widget-text-editor\" data-id=\"a056362\" data-element_type=\"widget\" data-widget_type=\"text-editor.default\">\n\t\t\t\t<div class=\"elementor-widget-container\">\n\t\t\t\t\t\t\t\t\t<p>En la construcci\u00f3n de la p\u00e1gina web de&nbsp;<a href=\"https:\/\/restty.com\/\" target=\"_blank\">https:\/\/restty.com\/<\/a>se han adoptado medidas con el objetivo de que el mayor n\u00famero posible de personas puedan llegar a la informaci\u00f3n que se transmite en ella, independientemente de las limitaciones de la persona o de las que se deriven del contexto de uso. As\u00ed, en la confecci\u00f3n del portal se han tenido en cuenta los siguientes aspectos:<\/p>\n<p>\u2022 Uso de CSS para la presentaci\u00f3n de la informaci\u00f3n.<br>\u2022 Etiquetas de marcaje.<br>\u2022 Sistemas de navegaci\u00f3n usables, intuitivos y alternativos.<br>\u2022 Descripciones alternativas en las im\u00e1genes.<br>\u2022 Verificaciones en la visualizaci\u00f3n con diferentes navegadores y dispositivos.<br>\u2022 Utilizaci\u00f3n de formatos universales y alternativos.<br>\u2022 Los enlaces ofrecen detalles de la funci\u00f3n o destino del hiperv\u00ednculo.<br>\u2022 Uso de los est\u00e1ndares del W3C.<br>\u2022 Acceso mediante atajos teclado a las principales opciones.<\/p>\n<p><strong>Cumplimiento De Los Est\u00e1ndares<\/strong><\/p>\n<p>Las p\u00e1ginas de este sitio Web cumplen la marca AA seg\u00fan la Norma UNE 139803:2004 y las Directrices de Accesibilidad para el Contenido Web 1.0 del W3C. Todos los requisitos de Prioridad 1 y Prioridad 2 y un subconjunto de los requisitos de Prioridad 3 han sido comprobados con un an\u00e1lisis manual de la accesibilidad a trav\u00e9s de diferentes herramientas semi-autom\u00e1ticas y agentes de usuario.<\/p>\n<p>Atajos De Teclado En esta Web puede hacer saltos ordenados en el contenido con la tecla Tab.<\/p>\n<p>Tama\u00f1o Del Texto<\/p>\n<p>El dise\u00f1o accesible permite que el usuario pueda ajustar las fuentes al tama\u00f1o que le convenga.<\/p>\n<p>Esta acci\u00f3n puede llevarse a cabo de diferentes maneras seg\u00fan el navegador web que se utilice.<\/p>\n<p>A continuaci\u00f3n se indica la acci\u00f3n de men\u00fa donde se encuentra esta funcionalidad en los navegadores m\u00e1s frecuentes:<br>\u2022 Mozilla Firefox: Ver &gt; Tama\u00f1o de texto &gt; Incrementar Internet<br>\u2022 Internet Explorer: Ver &gt; Tama\u00f1o de texto &gt; M\u00e1s grande<br>\u2022 Opera: View &gt; Zoom &gt; %<br>\u2022 Safari: View &gt; Make text bigger<br>\u2022 Google Chrome: Herramientas &gt; Zoom<br>Configuraci\u00f3n T\u00e9cnica Las p\u00e1ginas web est\u00e1n creadas con el CMS WordPress<\/p>\n<p>6.1.1. Informaci\u00f3n \u00datil Sobre La Accesibilidad Seguidamente se exponen una serie de enlaces organizados en diferentes categor\u00edas \u00fatiles para obtener m\u00e1s informaci\u00f3n sobre la accesibilidad. Accesibilidad Normas Y Documentos<\/p>\n<p>T\u00e9cnicos: http:\/\/www.w3c.org\/ Consorcio World Wide Web, grupo de trabajo de \u00e1mbito internacional que dicta l\u00edneas generales relacionadas con la web.<\/p>\n<p>http:\/\/www.w3c.org\/wai\/<br>Iniciativa de Accesibilidad Web del W3C.<\/p>\t\t\t\t\t\t\t\t<\/div>\n\t\t\t\t<\/div>\n\t\t\t\t\t<\/div>\n\t\t\t\t<\/div>\n\t\t\t\t<\/div>\n\t\t","protected":false},"excerpt":{"rendered":"<p>En la construcci\u00f3n de la p\u00e1gina web de&nbsp;https:\/\/restty.com\/se han adoptado medidas con el objetivo de que el mayor n\u00famero posible de personas puedan llegar a la informaci\u00f3n que se transmite en ella, independientemente de las limitaciones de la persona o de las que se deriven del contexto de uso. As\u00ed, en la confecci\u00f3n del portal&#8230;<\/p>\n","protected":false},"author":1,"featured_media":0,"parent":0,"menu_order":0,"comment_status":"closed","ping_status":"closed","template":"templates\/contact.php","meta":{"footnotes":""},"class_list":["post-7276","page","type-page","status-publish","hentry"],"_links":{"self":[{"href":"https:\/\/restty.com\/index.php?rest_route=\/wp\/v2\/pages\/7276","targetHints":{"allow":["GET"]}}],"collection":[{"href":"https:\/\/restty.com\/index.php?rest_route=\/wp\/v2\/pages"}],"about":[{"href":"https:\/\/restty.com\/index.php?rest_route=\/wp\/v2\/types\/page"}],"author":[{"embeddable":true,"href":"https:\/\/restty.com\/index.php?rest_route=\/wp\/v2\/users\/1"}],"replies":[{"embeddable":true,"href":"https:\/\/restty.com\/index.php?rest_route=%2Fwp%2Fv2%2Fcomments&post=7276"}],"version-history":[{"count":10,"href":"https:\/\/restty.com\/index.php?rest_route=\/wp\/v2\/pages\/7276\/revisions"}],"predecessor-version":[{"id":8381,"href":"https:\/\/restty.com\/index.php?rest_route=\/wp\/v2\/pages\/7276\/revisions\/8381"}],"wp:attachment":[{"href":"https:\/\/restty.com\/index.php?rest_route=%2Fwp%2Fv2%2Fmedia&parent=7276"}],"curies":[{"name":"wp","href":"https:\/\/api.w.org\/{rel}","templated":true}]}}