{"id":7271,"date":"2025-03-13T19:37:22","date_gmt":"2025-03-13T19:37:22","guid":{"rendered":"https:\/\/restty.com\/?page_id=7271"},"modified":"2025-04-30T09:03:14","modified_gmt":"2025-04-30T09:03:14","slug":"aviso-legal","status":"publish","type":"page","link":"https:\/\/restty.com\/?page_id=7271","title":{"rendered":"Aviso legal"},"content":{"rendered":"\t\t<div data-elementor-type=\"wp-page\" data-elementor-id=\"7271\" class=\"elementor elementor-7271\" data-elementor-post-type=\"page\">\n\t\t\t\t<div class=\"elementor-element elementor-element-503a137 e-flex e-con-boxed e-con e-parent\" data-id=\"503a137\" data-element_type=\"container\">\n\t\t\t\t\t<div class=\"e-con-inner\">\n\t\t\t\t<div class=\"elementor-element elementor-element-893c35d elementor-widget elementor-widget-text-editor\" data-id=\"893c35d\" data-element_type=\"widget\" data-widget_type=\"text-editor.default\">\n\t\t\t\t<div class=\"elementor-widget-container\">\n\t\t\t\t\t\t\t\t\t<p><strong>Restty una marca de Friend Stay Group<\/strong> se compromete a mantener este sitio web actualizado y preciso. Si, a pesar de todo, encontrara algo incorrecto o desactualizado, le agradecer\u00edamos que nos lo hiciera saber. Por favor, indique en qu\u00e9 parte del sitio web ha le\u00eddo la informaci\u00f3n. Entonces lo examinaremos lo antes posible.<\/p><p>Por favor, env\u00ede su duda por correo electr\u00f3nico a: Correo electr\u00f3nico cliente No nos hacemos responsables de la p\u00e9rdida como resultado de inexactitudes o incompletitud, ni de la p\u00e9rdida resultante de problemas causados por o inherentes a la difusi\u00f3n de informaci\u00f3n a trav\u00e9s de Internet, tales como disrupciones o interrupciones. Al utilizar formularios web, nos esforzamos por limitar al m\u00ednimo el n\u00famero de campos obligatorios. Por cualquier p\u00e9rdida sufrida como resultado del uso de datos, asesor\u00eda o ideas proporcionados<br \/>por o en nombre de\u00a0<span style=\"font-size: 15px; line-height: inherit; font-weight: bolder;\">Restty una marca de Friend Stay Group\u00a0<\/span>a trav\u00e9s de este sitio web,\u00a0<span style=\"font-size: 15px; line-height: inherit; font-weight: bolder;\">Restty una marca de Friend Stay Group\u00a0<\/span>no acepta ninguna responsabilidad.<\/p><p>Las respuestas y preguntas sobre privacidad enviadas por correo electr\u00f3nico o a trav\u00e9s de un<br \/>formulario web ser\u00e1n tratadas de la misma manera que las cartas. Esto significa que puede esperar una respuesta de nosotros en un plazo de 1 mes como m\u00e1ximo. En el caso de<br \/>solicitudes complejas, le informaremos en el plazo de 1 mes si necesitamos un m\u00e1ximo de 3 meses.<\/p><p>Cualquier dato personal que nos proporcione en el contexto de su respuesta o solicitud de informaci\u00f3n s\u00f3lo se utilizar\u00e1 de acuerdo con nuestra declaraci\u00f3n de privacidad.<\/p><p><span style=\"font-size: 15px; font-weight: bolder;\">Restty una marca de Friend Stay Group\u00a0<\/span>debe hacer cada esfuerzo razonable para proteger sus sistemas contra cualquier forma de uso ilegal.\u00a0<span style=\"font-size: 15px; line-height: inherit; font-weight: bolder;\">Restty una marca de Friend Stay Group<\/span>,<b>\u00a0<\/b>aplicar\u00e1n las medidas t\u00e9cnicas y organizativas adecuadas a tal fin, teniendo en cuenta, entre otras cosas, el estado actual de la t\u00e9cnica.<\/p><p>No obstante, no se hace responsable de los perjuicios, directos y\/o indirectos, sufridos por el usuario de la p\u00e1gina web, que se deriven de la utilizaci\u00f3n il\u00edcita de sus sistemas por un tercero.<\/p><p><span style=\"font-size: 15px; font-weight: bolder;\">Restty una marca de Friend Stay Group\u00a0<\/span>no se hace responsable del contenido de las p\u00e1ginas web a las que se hace referencia mediante hiperv\u00ednculos u otras referencias.<\/p><p>Los productos o servicios ofrecidos por terceros estar\u00e1n sujetos a los t\u00e9rminos y condiciones aplicables de dichos terceros.<\/p><p>Nuestros empleados har\u00e1n todo lo posible para garantizar la accesibilidad de nuestra p\u00e1gina web y para mejorarla continuamente.<\/p><p>Incluyendo para personas que usan software especial debido a una discapacidad. Este sitio web est\u00e1 construido de acuerdo con las pautas de nivel\u00a0<b>AA WCAG 2.1.<\/b><\/p><p>Estas pautas son acuerdos internacionalmente reconocidos sobre accesibilidad, sostenibilidad, intercambiabilidad y facilidad de b\u00fasqueda de sitios web.<\/p><p>Todos los derechos de propiedad intelectual sobre el contenido de este sitio web pertenecen a terceros que han colocado el contenido ellos mismos o de quienes\u00a0<span style=\"font-size: 15px; line-height: inherit; font-weight: bolder;\">Restty una marca de Friend Stay Group\u00a0<\/span>ha obtenido una licencia de usuario. La copia, difusi\u00f3n y cualquier otro uso de estos materiales no est\u00e1 permitido sin el permiso escrito de\u00a0<span style=\"font-size: 15px; line-height: inherit; font-weight: bolder;\">Restty una marca de Friend Stay Group\u00a0<\/span>, excepto y s\u00f3lo en la medida en que se estipule lo contrario en los reglamentos de la ley obligatoria (como el derecho a cotizar), a menos que el contenido espec\u00edfico dicte lo contrario.<\/p><p>Si tiene alguna pregunta o problema con la accesibilidad del sitio web, no dude en ponerse en contacto con nosotros.<\/p>\t\t\t\t\t\t\t\t<\/div>\n\t\t\t\t<\/div>\n\t\t\t\t\t<\/div>\n\t\t\t\t<\/div>\n\t\t\t\t<\/div>\n\t\t","protected":false},"excerpt":{"rendered":"<p>Restty una marca de Friend Stay Group se compromete a mantener este sitio web actualizado y preciso. Si, a pesar de todo, encontrara algo incorrecto o desactualizado, le agradecer\u00edamos que nos lo hiciera saber. Por favor, indique en qu\u00e9 parte del sitio web ha le\u00eddo la informaci\u00f3n. Entonces lo examinaremos lo antes posible. Por favor,&#8230;<\/p>\n","protected":false},"author":1,"featured_media":0,"parent":0,"menu_order":0,"comment_status":"closed","ping_status":"closed","template":"templates\/contact.php","meta":{"footnotes":""},"class_list":["post-7271","page","type-page","status-publish","hentry"],"_links":{"self":[{"href":"https:\/\/restty.com\/index.php?rest_route=\/wp\/v2\/pages\/7271","targetHints":{"allow":["GET"]}}],"collection":[{"href":"https:\/\/restty.com\/index.php?rest_route=\/wp\/v2\/pages"}],"about":[{"href":"https:\/\/restty.com\/index.php?rest_route=\/wp\/v2\/types\/page"}],"author":[{"embeddable":true,"href":"https:\/\/restty.com\/index.php?rest_route=\/wp\/v2\/users\/1"}],"replies":[{"embeddable":true,"href":"https:\/\/restty.com\/index.php?rest_route=%2Fwp%2Fv2%2Fcomments&post=7271"}],"version-history":[{"count":7,"href":"https:\/\/restty.com\/index.php?rest_route=\/wp\/v2\/pages\/7271\/revisions"}],"predecessor-version":[{"id":8375,"href":"https:\/\/restty.com\/index.php?rest_route=\/wp\/v2\/pages\/7271\/revisions\/8375"}],"wp:attachment":[{"href":"https:\/\/restty.com\/index.php?rest_route=%2Fwp%2Fv2%2Fmedia&parent=7271"}],"curies":[{"name":"wp","href":"https:\/\/api.w.org\/{rel}","templated":true}]}}