{"id":7257,"date":"2025-03-13T19:27:15","date_gmt":"2025-03-13T19:27:15","guid":{"rendered":"https:\/\/restty.com\/?page_id=7257"},"modified":"2025-04-30T08:56:09","modified_gmt":"2025-04-30T08:56:09","slug":"politicas-y-privacidad","status":"publish","type":"page","link":"https:\/\/restty.com\/?page_id=7257","title":{"rendered":"Pol\u00edticas y privacidad"},"content":{"rendered":"\t\t<div data-elementor-type=\"wp-page\" data-elementor-id=\"7257\" class=\"elementor elementor-7257\" data-elementor-post-type=\"page\">\n\t\t\t\t<div class=\"elementor-element elementor-element-2081716 e-flex e-con-boxed e-con e-parent\" data-id=\"2081716\" data-element_type=\"container\">\n\t\t\t\t\t<div class=\"e-con-inner\">\n\t\t\t\t<div class=\"elementor-element elementor-element-5683220 elementor-widget elementor-widget-text-editor\" data-id=\"5683220\" data-element_type=\"widget\" data-widget_type=\"text-editor.default\">\n\t\t\t\t<div class=\"elementor-widget-container\">\n\t\t\t\t\t\t\t\t\t<p><b><i>Esta pol\u00edtica de privacidad fue actualizada por \u00faltima vez en diciembre 30, 2024 y es aplicada a los ciudadanos del Espacio Econ\u00f3mico Europeo (UE).<\/i><\/b><\/p><p>En esta declaraci\u00f3n de privacidad, explicamos lo que hacemos con los datos que obtenemos sobre usted a trav\u00e9s de\u00a0<b>https:\/\/restty.com\/\u00a0<\/b> Le recomendamos que lea atentamente esta declaraci\u00f3n. En nuestro procesamiento cumplimos con los requisitos de la legislaci\u00f3n de privacidad.<\/p><p><strong>Lo que significa, entre otras cosas, que:<\/strong><\/p><ul><li>indicamos claramente los fines para los que procesamos los datos personales. Hacemos esto por medio de esta declaraci\u00f3n de privacidad.<\/li><li>\u00a0nuestro objetivo es limitar nuestra recopilaci\u00f3n de datos personales a los datos personales necesarios para fines leg\u00edtimos.<\/li><li>\u00a0en primer lugar, solicitamos su consentimiento expl\u00edcito para el tratamiento de sus datos personales en los casos en que sea necesario.<\/li><li>\u00a0tomamos las medidas de seguridad adecuadas para proteger sus datos personales y tambi\u00e9n se lo exigimos a las partes que procesan datos personales en nuestro nombre;<\/li><li>respetamos su derecho a acceder, rectificar o cancelar sus datos personales previa solicitud. Si tiene alguna pregunta o desea saber exactamente qu\u00e9 datos sobre usted guardamos, p\u00f3ngase en contacto con nosotros.<br \/><strong>1.<\/strong>\u00a0Prop\u00f3sito, datos y periodo de retenci\u00f3n<br \/><strong>1.1<\/strong>\u00a0Contacto \u2013 Por tel\u00e9fono, correo, correo electr\u00f3nico y\/o formularios en el sitio.<br \/>Retendremos los datos hasta que el servicio sea cancelado.<br \/><strong>1.2<\/strong>\u00a0Para poder cumplir con las obligaciones legales. Retendremos los datos hasta que el<br \/>servicio sea cancelado.<br \/><strong>1.3<\/strong>\u00a0Recopilaci\u00f3n y an\u00e1lisis de estad\u00edsticas para la mejora del sitio web. Retendremos los<br \/>datos hasta que el servicio sea cancelado.<br \/><strong>2.<\/strong>\u00a0Compartir con otras partes<br \/>S\u00f3lo compartimos o divulgamos estos datos a los procesadores para los siguientes<br \/>prop\u00f3sitos:<br \/>Procesadores de datos.<br \/>Nombre: Xpandex<br \/>Pa\u00eds: Espa\u00f1a<br \/>Prop\u00f3sito: Desarrollo y mantenimiento Web<br \/>3. Cookies<\/li><\/ul><p>Nuestro sitio web utiliza cookies. Para m\u00e1s informaci\u00f3n acerca de las cookies, por favor refi\u00e9rase a nuestra Declaraci\u00f3n de Pol\u00edtica de Cookies. Tenemos un acuerdo de procesamiento de datos con Google.<br \/>4. Seguridad Estamos comprometidos con la seguridad de los datos personales. Tomamos las medidas de seguridad adecuadas para limitar el abuso y el acceso no autorizado a los datos personales. Esto asegura que s\u00f3lo las personas necesarias tengan acceso a sus datos,<br \/>que el acceso a los datos est\u00e9 protegido y que nuestras medidas de seguridad sean revisadas regularmente.<\/p><p>5. Sitios web de terceros Esta declaraci\u00f3n de privacidad no se aplica a los sitios web de terceros conectados mediante enlaces en nuestro sitio web. No podemos garantizar que estas terceras partes<br \/>manejen sus datos personales de forma fiable o segura. Le recomendamos que lea las declaraciones de privacidad de estos sitios web antes de utilizarlos.<\/p><p>6. Privacidad y referencia a la declaraci\u00f3n de privacidad<br \/>Nos reservamos el derecho de hacer enmiendas a esta declaraci\u00f3n de privacidad. Se recomienda que consulte esta declaraci\u00f3n de privacidad regularmente para estar al tanto de cualquier cambio. Adem\u00e1s, le informaremos activamente siempre que sea posible.<\/p><p>7. Acceso y modificaci\u00f3n de sus datos Si tiene alguna pregunta o desea saber qu\u00e9 datos personales tenemos sobre usted, p\u00f3ngase en contacto con nosotros. Puede ponerse en contacto con nosotros utilizando la siguiente informaci\u00f3n. Usted tiene los siguientes derechos:<\/p><ul><li>Usted tiene derecho a saber por qu\u00e9 se necesitan sus datos personales, qu\u00e9 suceder\u00e1 con<br \/>ellos y durante cu\u00e1nto tiempo se conservar\u00e1n.<\/li><li>Derecho de acceso: Tiene derecho a acceder a los datos personales que conocemos<br \/>sobre usted.<\/li><li>Derecho de rectificaci\u00f3n: tiene derecho a completar, rectificar, borrar o bloquear sus datos<br \/>personales cuando lo desee.<\/li><li>\u00a0Si usted nos da su consentimiento para procesar sus datos, tiene derecho a revocar dicho<br \/>consentimiento y a que se eliminen sus datos personales.<\/li><li>Derecho de cesi\u00f3n de sus datos: tiene derecho a solicitar todos sus datos personales al<br \/>controlador y a transferirlos \u00edntegramente a otro controlador.<\/li><li>Derecho de oposici\u00f3n: usted puede oponerse al tratamiento de sus datos. Nosotros<br \/>cumplimos con esto, a menos que existan motivos justificados para el procesamiento. Por favor, aseg\u00farese de indicar siempre claramente qui\u00e9n es usted, para que podamos estar seguros de que no modificamos o eliminamos ning\u00fan dato de la persona equivocada.<\/li><\/ul><p>8. Enviando una queja Si no est\u00e1 satisfecho con la forma en que tratamos o procesamos sus datos personales, tiene derecho a presentar una queja a la Autoridad de Protecci\u00f3n de Datos.<\/p><p>9. Responsable de la protecci\u00f3n de datos<br \/>Nuestro Responsable de la Protecci\u00f3n de Datos ha sido registrado ante la autoridad de protecci\u00f3n de datos de un Estado miembro de la UE. Si tiene alguna pregunta o solicitud con respecto a esta declaraci\u00f3n de privacidad o para el Responsable de la Protecci\u00f3n de Datos, puede ponerse en contacto con :\u00a0<\/p><p><span style=\"text-align: var(--text-align);\">luis.franco@capitalfriend.es<\/span>\u00a0a trav\u00e9s de\u00a0<span style=\"text-align: var(--text-align);\">luis.franco@capitalfriend.es<\/span><\/p><p style=\"font-size: 15px;\"><span style=\"line-height: inherit; font-weight: bolder;\"><strong style=\"font-family: Roboto, sans-serif; font-size: 16px; background-color: #fffffd;\">10. Detalles de contacto:<\/strong><\/span><\/p><p style=\"font-size: 15px;\"><span style=\"font-weight: bolder; text-align: var(--text-align);\">Sitio web: https:\/\/restty.com\/<\/span><\/p><p style=\"font-size: 15px;\"><span style=\"line-height: inherit; font-weight: bolder;\"><span style=\"line-height: inherit; font-weight: bolder;\">Email:\u00a0\u00a0<span style=\"text-align: var(--text-align);\">luis.franco@capitalfriend.es<\/span><\/span><\/span><\/p><p style=\"font-size: 15px;\"><span style=\"text-align: var(--text-align);\"><span style=\"line-height: inherit; font-weight: bolder;\">MADRID \u2013 ESPA\u00d1A<\/span><\/span><\/p>\t\t\t\t\t\t\t\t<\/div>\n\t\t\t\t<\/div>\n\t\t\t\t\t<\/div>\n\t\t\t\t<\/div>\n\t\t\t\t<\/div>\n\t\t","protected":false},"excerpt":{"rendered":"<p>Esta pol\u00edtica de privacidad fue actualizada por \u00faltima vez en diciembre 30, 2024 y es aplicada a los ciudadanos del Espacio Econ\u00f3mico Europeo (UE). En esta declaraci\u00f3n de privacidad, explicamos lo que hacemos con los datos que obtenemos sobre usted a trav\u00e9s de\u00a0https:\/\/restty.com\/\u00a0 Le recomendamos que lea atentamente esta declaraci\u00f3n. En nuestro procesamiento cumplimos con&#8230;<\/p>\n","protected":false},"author":1,"featured_media":0,"parent":0,"menu_order":0,"comment_status":"closed","ping_status":"closed","template":"templates\/contact.php","meta":{"footnotes":""},"class_list":["post-7257","page","type-page","status-publish","hentry"],"_links":{"self":[{"href":"https:\/\/restty.com\/index.php?rest_route=\/wp\/v2\/pages\/7257","targetHints":{"allow":["GET"]}}],"collection":[{"href":"https:\/\/restty.com\/index.php?rest_route=\/wp\/v2\/pages"}],"about":[{"href":"https:\/\/restty.com\/index.php?rest_route=\/wp\/v2\/types\/page"}],"author":[{"embeddable":true,"href":"https:\/\/restty.com\/index.php?rest_route=\/wp\/v2\/users\/1"}],"replies":[{"embeddable":true,"href":"https:\/\/restty.com\/index.php?rest_route=%2Fwp%2Fv2%2Fcomments&post=7257"}],"version-history":[{"count":10,"href":"https:\/\/restty.com\/index.php?rest_route=\/wp\/v2\/pages\/7257\/revisions"}],"predecessor-version":[{"id":8363,"href":"https:\/\/restty.com\/index.php?rest_route=\/wp\/v2\/pages\/7257\/revisions\/8363"}],"wp:attachment":[{"href":"https:\/\/restty.com\/index.php?rest_route=%2Fwp%2Fv2%2Fmedia&parent=7257"}],"curies":[{"name":"wp","href":"https:\/\/api.w.org\/{rel}","templated":true}]}}